{"id":144,"date":"2023-12-29T13:54:10","date_gmt":"2023-12-29T13:54:10","guid":{"rendered":"https:\/\/agroalaska.al\/?page_id=144"},"modified":"2025-01-16T20:58:42","modified_gmt":"2025-01-16T20:58:42","slug":"kontakt","status":"publish","type":"page","link":"https:\/\/agroalaska.al\/al\/kontakt\/","title":{"rendered":"KONTAKT"},"content":{"rendered":"<p>[et_pb_section fb_built=&#8221;1&#8243; use_custom_gutter=&#8221;on&#8221; gutter_width=&#8221;1&#8243; background_color_2=&#8221;#FFFFFF&#8221; padding_top_2=&#8221;30px&#8221; padding_right_2=&#8221;30px&#8221; padding_bottom_2=&#8221;30px&#8221; padding_left_2=&#8221;30px&#8221; padding_top_bottom_link_2=&#8221;true&#8221; padding_left_right_link_2=&#8221;true&#8221; admin_label=&#8221;Contact&#8221; _builder_version=&#8221;4.16&#8243; _module_preset=&#8221;default&#8221; background_color=&#8221;#f3f7f0&#8243; background_enable_image=&#8221;off&#8221; background_position=&#8221;top_center&#8221; custom_padding=&#8221;||||false|false&#8221; global_colors_info=&#8221;{}&#8221;][et_pb_row _builder_version=&#8221;4.16&#8243; _module_preset=&#8221;default&#8221; custom_padding=&#8221;||0px||false|false&#8221; global_colors_info=&#8221;{}&#8221;][et_pb_column type=&#8221;4_4&#8243; _builder_version=&#8221;4.16&#8243; _module_preset=&#8221;default&#8221; global_colors_info=&#8221;{}&#8221;][et_pb_text _builder_version=&#8221;4.23.4&#8243; _module_preset=&#8221;b0bf5418-994a-43d1-aef8-7d7c6764119d&#8221; header_font=&#8221;Tajawal|900|||||||&#8221; header_text_color=&#8221;#000000&#8243; header_font_size=&#8221;60px&#8221; header_font_size_tablet=&#8221;50px&#8221; header_font_size_phone=&#8221;32px&#8221; header_font_size_last_edited=&#8221;on|phone&#8221; locked=&#8221;off&#8221; global_colors_info=&#8221;{}&#8221;]<\/p>\n<h1>Na Kontaktoni<\/h1>\n<p>[\/et_pb_text][et_pb_text _builder_version=&#8221;4.27.4&#8243; _module_preset=&#8221;default&#8221; text_font_size=&#8221;18px&#8221; text_line_height=&#8221;1.8em&#8221; hover_enabled=&#8221;0&#8243; sticky_enabled=&#8221;0&#8243;]<\/p>\n<p>Ne bashk\u00ebpunojm\u00eb me markat m\u00eb t\u00eb besueshme n\u00eb Evrop\u00eb dhe bot\u00eb p\u00ebr t&#8217;ju ofruar cil\u00ebsin\u00eb m\u00eb t\u00eb lart\u00eb. Pavar\u00ebsisht madh\u00ebsis\u00eb s\u00eb ferm\u00ebs tuaj, ne kemi zgjidhjen ideale p\u00ebr t\u00eb p\u00ebrmbushur objektivat tuaja.<\/p>\n<p>\ud83d\udca1 <strong>Teknologji p\u00ebr t\u00eb ardhmen e bujq\u00ebsis\u00eb<\/strong>: Investoni n\u00eb pajisje q\u00eb rrisin produktivitetin dhe kursejn\u00eb burime!<br \/>\ud83d\udcde <strong>Na kontaktoni tani<\/strong> dhe zbuloni se si mund t\u00eb ndihmojm\u00eb biznesin tuaj t\u00eb lul\u00ebzoj\u00eb!<\/p>\n<p>[\/et_pb_text][\/et_pb_column][\/et_pb_row][et_pb_row column_structure=&#8221;2_5,3_5&#8243; _builder_version=&#8221;4.23.4&#8243; _module_preset=&#8221;default&#8221; global_colors_info=&#8221;{}&#8221;][et_pb_column type=&#8221;2_5&#8243; _builder_version=&#8221;4.16&#8243; _module_preset=&#8221;default&#8221; custom_padding=&#8221;40px||||false|false&#8221; global_colors_info=&#8221;{}&#8221;][et_pb_text _builder_version=&#8221;4.23.4&#8243; _module_preset=&#8221;bc3df28d-7a1e-4346-9b94-aa11c48ce922&#8243; header_4_font=&#8221;Tajawal|700||on|||||&#8221; header_4_text_color=&#8221;gcid-87ce0c3f-2a7b-40dd-8a42-4148be75d651&#8243; header_4_font_size=&#8221;14px&#8221; header_4_letter_spacing=&#8221;2px&#8221; header_4_line_height=&#8221;1.5em&#8221; custom_margin=&#8221;||0px||false|false&#8221; header_4_font_size_tablet=&#8221;13px&#8221; header_4_font_size_phone=&#8221;12px&#8221; header_4_font_size_last_edited=&#8221;on|phone&#8221; locked=&#8221;off&#8221; global_colors_info=&#8221;{%22gcid-87ce0c3f-2a7b-40dd-8a42-4148be75d651%22:%91%93}&#8221;]<\/p>\n<h4>Tel \/ WhatsApp<\/h4>\n<p>[\/et_pb_text][et_pb_text _builder_version=&#8221;4.27.4&#8243; _module_preset=&#8221;default&#8221; text_font=&#8221;Tajawal|700|||||||&#8221; text_text_color=&#8221;#FFFFFF&#8221; text_font_size=&#8221;35px&#8221; text_line_height=&#8221;1.2em&#8221; link_text_color=&#8221;#71B100&#8243; header_3_text_color=&#8221;#FFFFFF&#8221; hover_enabled=&#8221;0&#8243; text_font_size_tablet=&#8221;50px&#8221; text_font_size_phone=&#8221;30px&#8221; text_font_size_last_edited=&#8221;on|phone&#8221; header_font_size_tablet=&#8221;55px&#8221; header_font_size_phone=&#8221;&#8221; header_font_size_last_edited=&#8221;on|tablet&#8221; locked=&#8221;off&#8221; global_colors_info=&#8221;{%22gcid-87cad038-7afd-4dda-acb0-0a24d4ccd112%22:%91%93,%22gcid-431bd12a-5227-4536-9132-2528c0596703%22:%91%93}&#8221; link_font_size__hover_enabled=&#8221;on|desktop&#8221; sticky_enabled=&#8221;0&#8243;]<a href=\"tel:+355692040888\" target=\"_blank\" rel=\"noopener\">+355 69 204 0888<\/a>[\/et_pb_text][et_pb_text _builder_version=&#8221;4.16&#8243; _module_preset=&#8221;bc3df28d-7a1e-4346-9b94-aa11c48ce922&#8243; header_4_font=&#8221;Tajawal|700||on|||||&#8221; header_4_text_color=&#8221;gcid-87ce0c3f-2a7b-40dd-8a42-4148be75d651&#8243; header_4_font_size=&#8221;14px&#8221; header_4_letter_spacing=&#8221;2px&#8221; header_4_line_height=&#8221;1.5em&#8221; custom_margin=&#8221;||0px||false|false&#8221; header_4_font_size_tablet=&#8221;13px&#8221; header_4_font_size_phone=&#8221;12px&#8221; header_4_font_size_last_edited=&#8221;on|phone&#8221; locked=&#8221;off&#8221; global_colors_info=&#8221;{%22gcid-87ce0c3f-2a7b-40dd-8a42-4148be75d651%22:%91%93}&#8221;]<\/p>\n<h4>Email<\/h4>\n<p>[\/et_pb_text][et_pb_text _builder_version=&#8221;4.23.4&#8243; _module_preset=&#8221;2e1ca0a8-a515-4ca3-8814-65eea4b82393&#8243; text_font=&#8221;||||||||&#8221; text_text_color=&#8221;#666666&#8243; text_font_size=&#8221;20px&#8221; text_line_height=&#8221;1.8em&#8221; link_font=&#8221;|700|||||||&#8221; link_text_color=&#8221;#71B100&#8243; text_font_size_tablet=&#8221;15px&#8221; text_font_size_phone=&#8221;14px&#8221; text_font_size_last_edited=&#8221;on|desktop&#8221; global_colors_info=&#8221;{}&#8221;]<\/p>\n<p><a href=\"mailto:info@agroalaska.al\" target=\"_blank\" rel=\"noopener\">info@agroalaska.al<\/a><\/p>\n<p>[\/et_pb_text][et_pb_code _builder_version=&#8221;4.27.4&#8243; _module_preset=&#8221;default&#8221; hover_enabled=&#8221;0&#8243; sticky_enabled=&#8221;0&#8243;]<iframe src=\"https:\/\/www.google.com\/maps\/embed?pb=!1m18!1m12!1m3!1d23914.115479684566!2d19.7131887!3d41.4768665!2m3!1f0!2f0!3f0!3m2!1i1024!2i768!4f13.1!3m3!1m2!1s0x1351d2e222669235%3A0x14574993a3b4e601!2sAgro%20Alaska!5e0!3m2!1sen!2s!4v1737061085938!5m2!1sen!2s\" width=\"600\" height=\"300\" style=\"border:0;\" allowfullscreen=\"\" loading=\"lazy\" referrerpolicy=\"no-referrer-when-downgrade\"><\/iframe>[\/et_pb_code][\/et_pb_column][et_pb_column type=&#8221;3_5&#8243; _builder_version=&#8221;4.23.4&#8243; _module_preset=&#8221;default&#8221; background_color=&#8221;#FFFFFF&#8221; custom_padding=&#8221;40px|30px|40px|30px|true|true&#8221; custom_padding_tablet=&#8221;&#8221; custom_padding_phone=&#8221;40px|20px|40px|20px|true|true&#8221; custom_padding_last_edited=&#8221;on|phone&#8221; border_radii=&#8221;on|8px|8px|8px|8px&#8221; border_width_all=&#8221;1px&#8221; global_colors_info=&#8221;{}&#8221;][et_pb_text _builder_version=&#8221;4.23.4&#8243; _module_preset=&#8221;bc3df28d-7a1e-4346-9b94-aa11c48ce922&#8243; header_4_font=&#8221;Tajawal|700||on|||||&#8221; header_4_text_color=&#8221;#0b6301&#8243; header_4_font_size=&#8221;14px&#8221; header_4_letter_spacing=&#8221;2px&#8221; header_4_line_height=&#8221;1.5em&#8221; custom_margin=&#8221;||0px||false|false&#8221; header_4_font_size_tablet=&#8221;13px&#8221; header_4_font_size_phone=&#8221;12px&#8221; header_4_font_size_last_edited=&#8221;on|phone&#8221; locked=&#8221;off&#8221; global_colors_info=&#8221;{%22gcid-87ce0c3f-2a7b-40dd-8a42-4148be75d651%22:%91%93}&#8221;]<\/p>\n<h4>Dergo mesazh \/ kerkese preventivi<\/h4>\n<p>[\/et_pb_text][et_pb_contact_form email=&#8221;info@agroalaska.al&#8221; custom_message=&#8221;Emri: %%Name%%||et_pb_line_break_holder||Tel: %%Tel%%||et_pb_line_break_holder||Email: %%Email%%||et_pb_line_break_holder||Mesazhi: %%Message%%&#8221; success_message=&#8221;Mesazhi juaj u dergua me sukses. Ju do te kontaktoheni se shpejti nga stafi.&#8221; submit_button_text=&#8221;Dergo Mesazhin&#8221; _builder_version=&#8221;4.23.4&#8243; _module_preset=&#8221;default&#8221; form_field_background_color=&#8221;#f6f7fb&#8221; form_field_text_color=&#8221;#000000&#8243; form_field_custom_margin=&#8221;||16px||false|false&#8221; captcha_font_size=&#8221;14px&#8221; captcha_letter_spacing=&#8221;2px&#8221; form_field_font=&#8221;Tajawal|500||on|||||&#8221; form_field_font_size=&#8221;13px&#8221; form_field_letter_spacing=&#8221;3px&#8221; form_field_line_height=&#8221;1.8em&#8221; custom_button=&#8221;on&#8221; button_text_size=&#8221;12px&#8221; button_text_color=&#8221;#FFFFFF&#8221; button_bg_color=&#8221;rgba(11,99,1,0.71)&#8221; button_border_width=&#8221;0px&#8221; button_border_radius=&#8221;8px&#8221; button_letter_spacing=&#8221;3px&#8221; button_font=&#8221;Tajawal|700||on|||||&#8221; button_custom_padding=&#8221;15px|30px|15px|30px|true|true&#8221; button_custom_padding_tablet=&#8221;|248px||248px|true|true&#8221; button_custom_padding_phone=&#8221;|100px||100px|true|true&#8221; button_custom_padding_last_edited=&#8221;off|desktop&#8221; box_shadow_style_button=&#8221;preset3&#8243; box_shadow_vertical_button=&#8221;33px&#8221; box_shadow_blur_button=&#8221;40px&#8221; box_shadow_spread_button=&#8221;-10px&#8221; box_shadow_color_button=&#8221;rgba(0,0,0,0.2)&#8221; locked=&#8221;off&#8221; global_colors_info=&#8221;{}&#8221;][et_pb_contact_field field_id=&#8221;Name&#8221; field_title=&#8221;Emri&#8221; fullwidth_field=&#8221;on&#8221; _builder_version=&#8221;4.23.4&#8243; global_colors_info=&#8221;{}&#8221; button_text_size__hover_enabled=&#8221;off&#8221; button_one_text_size__hover_enabled=&#8221;off&#8221; button_two_text_size__hover_enabled=&#8221;off&#8221; button_text_color__hover_enabled=&#8221;off&#8221; button_one_text_color__hover_enabled=&#8221;off&#8221; button_two_text_color__hover_enabled=&#8221;off&#8221; button_border_width__hover_enabled=&#8221;off&#8221; button_one_border_width__hover_enabled=&#8221;off&#8221; button_two_border_width__hover_enabled=&#8221;off&#8221; button_border_color__hover_enabled=&#8221;off&#8221; button_one_border_color__hover_enabled=&#8221;off&#8221; button_two_border_color__hover_enabled=&#8221;off&#8221; button_border_radius__hover_enabled=&#8221;off&#8221; button_one_border_radius__hover_enabled=&#8221;off&#8221; button_two_border_radius__hover_enabled=&#8221;off&#8221; button_letter_spacing__hover_enabled=&#8221;off&#8221; button_one_letter_spacing__hover_enabled=&#8221;off&#8221; button_two_letter_spacing__hover_enabled=&#8221;off&#8221; button_bg_color__hover_enabled=&#8221;off&#8221; button_one_bg_color__hover_enabled=&#8221;off&#8221; button_two_bg_color__hover_enabled=&#8221;off&#8221;][\/et_pb_contact_field][et_pb_contact_field field_id=&#8221;Tel&#8221; field_title=&#8221;Tel&#8221; allowed_symbols=&#8221;numbers&#8221; fullwidth_field=&#8221;on&#8221; _builder_version=&#8221;4.23.4&#8243; _module_preset=&#8221;default&#8221; global_colors_info=&#8221;{}&#8221;][\/et_pb_contact_field][et_pb_contact_field field_id=&#8221;Email&#8221; field_title=&#8221;Email Address&#8221; field_type=&#8221;email&#8221; fullwidth_field=&#8221;on&#8221; _builder_version=&#8221;4.23.4&#8243; global_colors_info=&#8221;{}&#8221; button_text_size__hover_enabled=&#8221;off&#8221; button_one_text_size__hover_enabled=&#8221;off&#8221; button_two_text_size__hover_enabled=&#8221;off&#8221; button_text_color__hover_enabled=&#8221;off&#8221; button_one_text_color__hover_enabled=&#8221;off&#8221; button_two_text_color__hover_enabled=&#8221;off&#8221; button_border_width__hover_enabled=&#8221;off&#8221; button_one_border_width__hover_enabled=&#8221;off&#8221; button_two_border_width__hover_enabled=&#8221;off&#8221; button_border_color__hover_enabled=&#8221;off&#8221; button_one_border_color__hover_enabled=&#8221;off&#8221; button_two_border_color__hover_enabled=&#8221;off&#8221; button_border_radius__hover_enabled=&#8221;off&#8221; button_one_border_radius__hover_enabled=&#8221;off&#8221; button_two_border_radius__hover_enabled=&#8221;off&#8221; button_letter_spacing__hover_enabled=&#8221;off&#8221; button_one_letter_spacing__hover_enabled=&#8221;off&#8221; button_two_letter_spacing__hover_enabled=&#8221;off&#8221; button_bg_color__hover_enabled=&#8221;off&#8221; button_one_bg_color__hover_enabled=&#8221;off&#8221; button_two_bg_color__hover_enabled=&#8221;off&#8221;][\/et_pb_contact_field][et_pb_contact_field field_id=&#8221;Message&#8221; field_title=&#8221;Mesazhi&#8221; field_type=&#8221;text&#8221; fullwidth_field=&#8221;on&#8221; _builder_version=&#8221;4.23.4&#8243; global_colors_info=&#8221;{}&#8221; button_text_size__hover_enabled=&#8221;off&#8221; button_one_text_size__hover_enabled=&#8221;off&#8221; button_two_text_size__hover_enabled=&#8221;off&#8221; button_text_color__hover_enabled=&#8221;off&#8221; button_one_text_color__hover_enabled=&#8221;off&#8221; button_two_text_color__hover_enabled=&#8221;off&#8221; button_border_width__hover_enabled=&#8221;off&#8221; button_one_border_width__hover_enabled=&#8221;off&#8221; button_two_border_width__hover_enabled=&#8221;off&#8221; button_border_color__hover_enabled=&#8221;off&#8221; button_one_border_color__hover_enabled=&#8221;off&#8221; button_two_border_color__hover_enabled=&#8221;off&#8221; button_border_radius__hover_enabled=&#8221;off&#8221; button_one_border_radius__hover_enabled=&#8221;off&#8221; button_two_border_radius__hover_enabled=&#8221;off&#8221; button_letter_spacing__hover_enabled=&#8221;off&#8221; button_one_letter_spacing__hover_enabled=&#8221;off&#8221; button_two_letter_spacing__hover_enabled=&#8221;off&#8221; button_bg_color__hover_enabled=&#8221;off&#8221; button_one_bg_color__hover_enabled=&#8221;off&#8221; button_two_bg_color__hover_enabled=&#8221;off&#8221;][\/et_pb_contact_field][\/et_pb_contact_form][\/et_pb_column][\/et_pb_row][\/et_pb_section]<\/p>\n","protected":false},"excerpt":{"rendered":"<p>Na KontaktoniNe bashk\u00ebpunojm\u00eb me markat m\u00eb t\u00eb besueshme n\u00eb Evrop\u00eb dhe bot\u00eb p\u00ebr t&#8217;ju ofruar cil\u00ebsin\u00eb m\u00eb t\u00eb lart\u00eb. Pavar\u00ebsisht madh\u00ebsis\u00eb s\u00eb ferm\u00ebs tuaj, ne kemi zgjidhjen ideale p\u00ebr t\u00eb p\u00ebrmbushur objektivat tuaja. \ud83d\udca1 Teknologji p\u00ebr t\u00eb ardhmen e bujq\u00ebsis\u00eb: Investoni n\u00eb pajisje q\u00eb rrisin produktivitetin dhe kursejn\u00eb burime!\ud83d\udcde Na kontaktoni tani dhe zbuloni se [&hellip;]<\/p>\n","protected":false},"author":1,"featured_media":0,"parent":0,"menu_order":0,"comment_status":"closed","ping_status":"closed","template":"","meta":{"_et_pb_use_builder":"on","_et_pb_old_content":"","_et_gb_content_width":"","footnotes":""},"class_list":["post-144","page","type-page","status-publish","hentry"],"aioseo_notices":[],"_links":{"self":[{"href":"https:\/\/agroalaska.al\/al\/wp-json\/wp\/v2\/pages\/144","targetHints":{"allow":["GET"]}}],"collection":[{"href":"https:\/\/agroalaska.al\/al\/wp-json\/wp\/v2\/pages"}],"about":[{"href":"https:\/\/agroalaska.al\/al\/wp-json\/wp\/v2\/types\/page"}],"author":[{"embeddable":true,"href":"https:\/\/agroalaska.al\/al\/wp-json\/wp\/v2\/users\/1"}],"replies":[{"embeddable":true,"href":"https:\/\/agroalaska.al\/al\/wp-json\/wp\/v2\/comments?post=144"}],"version-history":[{"count":7,"href":"https:\/\/agroalaska.al\/al\/wp-json\/wp\/v2\/pages\/144\/revisions"}],"predecessor-version":[{"id":665,"href":"https:\/\/agroalaska.al\/al\/wp-json\/wp\/v2\/pages\/144\/revisions\/665"}],"wp:attachment":[{"href":"https:\/\/agroalaska.al\/al\/wp-json\/wp\/v2\/media?parent=144"}],"curies":[{"name":"wp","href":"https:\/\/api.w.org\/{rel}","templated":true}]}}